{"id":11,"date":"2021-08-25T09:52:38","date_gmt":"2021-08-25T08:52:38","guid":{"rendered":"https:\/\/vbslsecretaireindependante.wordpress.com\/?page_id=7"},"modified":"2022-08-24T11:52:49","modified_gmt":"2022-08-24T09:52:49","slug":"secretraireindependante40","status":"publish","type":"page","link":"https:\/\/vbslsecretaireindependante.com\/index.php\/secretraireindependante40\/","title":{"rendered":"BLOG"},"content":{"rendered":"\r\n<div class=\"wp-block-group\"><div class=\"wp-block-group__inner-container is-layout-flow wp-block-group-is-layout-flow\">\r\n<div class=\"wp-block-columns is-layout-flex wp-container-core-columns-is-layout-9d6595d7 wp-block-columns-is-layout-flex\">\r\n<div class=\"wp-block-column is-layout-flow wp-block-column-is-layout-flow\" style=\"flex-basis: 100%;\">\r\n<figure class=\"wp-block-image size-full is-style-default\"><img loading=\"lazy\" decoding=\"async\" width=\"1733\" height=\"1300\" class=\"wp-image-133\" src=\"https:\/\/vbslsecretaireindependante.com\/wp-content\/uploads\/2021\/08\/pexels-photo-1558690.jpeg\" alt=\"secretaire independante landes\" srcset=\"https:\/\/vbslsecretaireindependante.com\/wp-content\/uploads\/2021\/08\/pexels-photo-1558690.jpeg 1733w, https:\/\/vbslsecretaireindependante.com\/wp-content\/uploads\/2021\/08\/pexels-photo-1558690-300x225.jpeg 300w, https:\/\/vbslsecretaireindependante.com\/wp-content\/uploads\/2021\/08\/pexels-photo-1558690-1024x768.jpeg 1024w, https:\/\/vbslsecretaireindependante.com\/wp-content\/uploads\/2021\/08\/pexels-photo-1558690-768x576.jpeg 768w, https:\/\/vbslsecretaireindependante.com\/wp-content\/uploads\/2021\/08\/pexels-photo-1558690-1536x1152.jpeg 1536w, https:\/\/vbslsecretaireindependante.com\/wp-content\/uploads\/2021\/08\/pexels-photo-1558690-1568x1176.jpeg 1568w\" sizes=\"auto, (max-width: 1733px) 100vw, 1733px\" \/><\/figure>\r\n<\/div>\r\n<\/div>\r\n<\/div><\/div>\r\n\r\n\r\n<hr class=\"wp-block-separator has-css-opacity is-style-wide\" \/>\r\n\r\n\r\n<h3 class=\"has-text-align-left wp-block-heading\">Abonnez-vous \u00e0 mon blog VBSL secr\u00e9taire ind\u00e9pendante dans les Landes 40<\/h3>\r\n\r\n\r\n\r\n<p class=\"has-text-align-left\">Mon histoire professionnelle de secr\u00e9taire ind\u00e9pendante \u00e0 distance a commenc\u00e9 d\u00e9but octobre 2020. Mais elle est en pr\u00e9paration depuis plusieurs mois maintenant. La COVID 19 a mis fin \u00e0 mon contrat d\u2019agent d\u2019accueil en mairie donc j\u2019ai cherch\u00e9 une fa\u00e7on de r\u00e9inventer mon travail autrement \u00e0 la vue du contexte sanitaire actuel.<\/p>\r\n\r\n\r\n\r\n<p class=\"has-text-align-left\">Je suis mari\u00e9e, j\u2019ai un fils de 6 ans et demi et un beau-fils de 14 ans.<\/p>\r\n\r\n\r\n\r\n<p class=\"has-text-align-left\">Je m&rsquo;appelle Virginie, 13 ans d&rsquo;exp\u00e9rience en gestion administrative, une r\u00e9f\u00e9rence dans mon\u00a0domaine.<\/p>\r\n\r\n\r\n\r\n<p class=\"has-text-align-left\">Je m&rsquo;engage\u00a0\u00e0 fournir des prestations et des services en ligne de qualit\u00e9, afin de fid\u00e9liser et satisfaire mes clients. Je ne cesse\u00a0d&rsquo;\u00e9voluer et de proposer de nouveaux services pour mieux satisfaire les clients qui me font confiance et en conqu\u00e9rir de nouveaux.<\/p>\r\n\r\n\r\n\r\n<p class=\"has-text-align-left\">Je propose mes services de secr\u00e9taire administrative et les prestations sont vari\u00e9es. Vous retrouverez les prestations dans l&rsquo;onglet \u00ab\u00a0Prestations\u00a0\u00bb .Mon objectif \u00e9tant d&rsquo; accompagner au mieux mes clients afin d&rsquo;\u00eatre leur valeur ajout\u00e9e.<\/p>\r\n\r\n\r\n\r\n<p class=\"has-text-align-left has-blue-color has-text-color\"><strong>Je souhaite remercier mon mari, mes parents et ma famille pour leur aide aussi bien financi\u00e8re que dans les id\u00e9es et la mise en place de cette aventure. Je remercie mes amis de m\u2019avoir relue et corrig\u00e9e quand mes yeux ne voyaient plus. Je les remercie aussi d\u2019avoir accueilli et partager cette aventure sur les r\u00e9seaux avec un r\u00e9el engouement.<\/strong><\/p>\r\n\r\n\r\n\r\n<p class=\"has-text-align-left has-blue-color has-text-color\"><strong>Merci \u00e0 ma s\u0153ur Myl\u00e8ne et mon beau-fr\u00e8re Maxence pour les textes commerciaux, merci Lyca pour le coaching personnel durant toute cette mise en place, et merci Ang\u00e9lique, cons\u0153ur du 64 pour ses conseils dans le m\u00e9tier. \u00a0Patrick pour le c\u00f4t\u00e9 juridique et Mr G. pour son accompagnement. Et merci \u00e0 mes enfants de me donner l\u2019envie de me d\u00e9passer pour leur bien \u00eatre.<\/strong><\/p>\r\n","protected":false},"excerpt":{"rendered":"<p>Abonnez-vous \u00e0 mon blog VBSL secr\u00e9taire ind\u00e9pendante dans les Landes 40 Mon histoire professionnelle de secr\u00e9taire ind\u00e9pendante \u00e0 distance a commenc\u00e9 d\u00e9but octobre 2020. Mais elle est en pr\u00e9paration depuis plusieurs mois maintenant. La COVID 19 a mis fin \u00e0 mon contrat d\u2019agent d\u2019accueil en mairie donc j\u2019ai cherch\u00e9 une fa\u00e7on de r\u00e9inventer mon travail&hellip; <a href=\"https:\/\/vbslsecretaireindependante.com\/index.php\/secretraireindependante40\/\" class=\"more-link\">Lire la suite <span class=\"screen-reader-text\">BLOG<\/span><\/a><\/p>\n","protected":false},"author":1,"featured_media":0,"parent":0,"menu_order":0,"comment_status":"closed","ping_status":"closed","template":"","meta":{"footnotes":""},"class_list":["post-11","page","type-page","status-publish","hentry","without-featured-image"],"yoast_head":"<!-- This site is optimized with the Yoast SEO plugin v21.2 - https:\/\/yoast.com\/wordpress\/plugins\/seo\/ -->\n<title>BLOG - VBSL<\/title>\n<meta name=\"description\" content=\"VBSL secretraire independante 40 propose des services de secr\u00e9tariat dans les Landes (40) mais aussi \u00e0 distance dans toute la France.\" \/>\n<meta name=\"robots\" content=\"index, follow, max-snippet:-1, max-image-preview:large, max-video-preview:-1\" \/>\n<link rel=\"canonical\" href=\"https:\/\/vbslsecretaireindependante.com\/index.php\/secretraireindependante40\/\" \/>\n<meta property=\"og:locale\" content=\"fr_FR\" \/>\n<meta property=\"og:type\" content=\"article\" \/>\n<meta property=\"og:title\" content=\"BLOG - VBSL\" \/>\n<meta property=\"og:description\" content=\"VBSL secretraire independante 40 propose des services de secr\u00e9tariat dans les Landes (40) mais aussi \u00e0 distance dans toute la France.\" \/>\n<meta property=\"og:url\" content=\"https:\/\/vbslsecretaireindependante.com\/index.php\/secretraireindependante40\/\" \/>\n<meta property=\"og:site_name\" content=\"VBSL\" \/>\n<meta property=\"article:modified_time\" content=\"2022-08-24T09:52:49+00:00\" \/>\n<meta property=\"og:image\" content=\"https:\/\/vbslsecretaireindependante.com\/wp-content\/uploads\/2021\/08\/pexels-photo-1558690.jpeg\" \/>\n<meta name=\"twitter:card\" content=\"summary_large_image\" \/>\n<meta name=\"twitter:label1\" content=\"Dur\u00e9e de lecture estim\u00e9e\" \/>\n\t<meta name=\"twitter:data1\" content=\"2 minutes\" \/>\n<script type=\"application\/ld+json\" class=\"yoast-schema-graph\">{\"@context\":\"https:\/\/schema.org\",\"@graph\":[{\"@type\":\"WebPage\",\"@id\":\"https:\/\/vbslsecretaireindependante.com\/index.php\/secretraireindependante40\/\",\"url\":\"https:\/\/vbslsecretaireindependante.com\/index.php\/secretraireindependante40\/\",\"name\":\"BLOG - VBSL\",\"isPartOf\":{\"@id\":\"https:\/\/vbslsecretaireindependante.com\/#website\"},\"datePublished\":\"2021-08-25T08:52:38+00:00\",\"dateModified\":\"2022-08-24T09:52:49+00:00\",\"description\":\"VBSL secretraire independante 40 propose des services de secr\u00e9tariat dans les Landes (40) mais aussi \u00e0 distance dans toute la France.\",\"breadcrumb\":{\"@id\":\"https:\/\/vbslsecretaireindependante.com\/index.php\/secretraireindependante40\/#breadcrumb\"},\"inLanguage\":\"fr-FR\",\"potentialAction\":[{\"@type\":\"ReadAction\",\"target\":[\"https:\/\/vbslsecretaireindependante.com\/index.php\/secretraireindependante40\/\"]}]},{\"@type\":\"BreadcrumbList\",\"@id\":\"https:\/\/vbslsecretaireindependante.com\/index.php\/secretraireindependante40\/#breadcrumb\",\"itemListElement\":[{\"@type\":\"ListItem\",\"position\":1,\"name\":\"Accueil\",\"item\":\"https:\/\/vbslsecretaireindependante.com\/\"},{\"@type\":\"ListItem\",\"position\":2,\"name\":\"BLOG\"}]},{\"@type\":\"WebSite\",\"@id\":\"https:\/\/vbslsecretaireindependante.com\/#website\",\"url\":\"https:\/\/vbslsecretaireindependante.com\/\",\"name\":\"VBSL\",\"description\":\"Secr\u00e9taire Ind\u00e9pendante landes\",\"potentialAction\":[{\"@type\":\"SearchAction\",\"target\":{\"@type\":\"EntryPoint\",\"urlTemplate\":\"https:\/\/vbslsecretaireindependante.com\/?s={search_term_string}\"},\"query-input\":\"required name=search_term_string\"}],\"inLanguage\":\"fr-FR\"}]}<\/script>\n<!-- \/ Yoast SEO plugin. -->","yoast_head_json":{"title":"BLOG - VBSL","description":"VBSL secretraire independante 40 propose des services de secr\u00e9tariat dans les Landes (40) mais aussi \u00e0 distance dans toute la France.","robots":{"index":"index","follow":"follow","max-snippet":"max-snippet:-1","max-image-preview":"max-image-preview:large","max-video-preview":"max-video-preview:-1"},"canonical":"https:\/\/vbslsecretaireindependante.com\/index.php\/secretraireindependante40\/","og_locale":"fr_FR","og_type":"article","og_title":"BLOG - VBSL","og_description":"VBSL secretraire independante 40 propose des services de secr\u00e9tariat dans les Landes (40) mais aussi \u00e0 distance dans toute la France.","og_url":"https:\/\/vbslsecretaireindependante.com\/index.php\/secretraireindependante40\/","og_site_name":"VBSL","article_modified_time":"2022-08-24T09:52:49+00:00","og_image":[{"url":"https:\/\/vbslsecretaireindependante.com\/wp-content\/uploads\/2021\/08\/pexels-photo-1558690.jpeg"}],"twitter_card":"summary_large_image","twitter_misc":{"Dur\u00e9e de lecture estim\u00e9e":"2 minutes"},"schema":{"@context":"https:\/\/schema.org","@graph":[{"@type":"WebPage","@id":"https:\/\/vbslsecretaireindependante.com\/index.php\/secretraireindependante40\/","url":"https:\/\/vbslsecretaireindependante.com\/index.php\/secretraireindependante40\/","name":"BLOG - VBSL","isPartOf":{"@id":"https:\/\/vbslsecretaireindependante.com\/#website"},"datePublished":"2021-08-25T08:52:38+00:00","dateModified":"2022-08-24T09:52:49+00:00","description":"VBSL secretraire independante 40 propose des services de secr\u00e9tariat dans les Landes (40) mais aussi \u00e0 distance dans toute la France.","breadcrumb":{"@id":"https:\/\/vbslsecretaireindependante.com\/index.php\/secretraireindependante40\/#breadcrumb"},"inLanguage":"fr-FR","potentialAction":[{"@type":"ReadAction","target":["https:\/\/vbslsecretaireindependante.com\/index.php\/secretraireindependante40\/"]}]},{"@type":"BreadcrumbList","@id":"https:\/\/vbslsecretaireindependante.com\/index.php\/secretraireindependante40\/#breadcrumb","itemListElement":[{"@type":"ListItem","position":1,"name":"Accueil","item":"https:\/\/vbslsecretaireindependante.com\/"},{"@type":"ListItem","position":2,"name":"BLOG"}]},{"@type":"WebSite","@id":"https:\/\/vbslsecretaireindependante.com\/#website","url":"https:\/\/vbslsecretaireindependante.com\/","name":"VBSL","description":"Secr\u00e9taire Ind\u00e9pendante landes","potentialAction":[{"@type":"SearchAction","target":{"@type":"EntryPoint","urlTemplate":"https:\/\/vbslsecretaireindependante.com\/?s={search_term_string}"},"query-input":"required name=search_term_string"}],"inLanguage":"fr-FR"}]}},"_links":{"self":[{"href":"https:\/\/vbslsecretaireindependante.com\/index.php\/wp-json\/wp\/v2\/pages\/11","targetHints":{"allow":["GET"]}}],"collection":[{"href":"https:\/\/vbslsecretaireindependante.com\/index.php\/wp-json\/wp\/v2\/pages"}],"about":[{"href":"https:\/\/vbslsecretaireindependante.com\/index.php\/wp-json\/wp\/v2\/types\/page"}],"author":[{"embeddable":true,"href":"https:\/\/vbslsecretaireindependante.com\/index.php\/wp-json\/wp\/v2\/users\/1"}],"replies":[{"embeddable":true,"href":"https:\/\/vbslsecretaireindependante.com\/index.php\/wp-json\/wp\/v2\/comments?post=11"}],"version-history":[{"count":6,"href":"https:\/\/vbslsecretaireindependante.com\/index.php\/wp-json\/wp\/v2\/pages\/11\/revisions"}],"predecessor-version":[{"id":379,"href":"https:\/\/vbslsecretaireindependante.com\/index.php\/wp-json\/wp\/v2\/pages\/11\/revisions\/379"}],"wp:attachment":[{"href":"https:\/\/vbslsecretaireindependante.com\/index.php\/wp-json\/wp\/v2\/media?parent=11"}],"curies":[{"name":"wp","href":"https:\/\/api.w.org\/{rel}","templated":true}]}}